{"id":19959,"date":"2023-11-16T23:49:19","date_gmt":"2023-11-16T22:49:19","guid":{"rendered":"https:\/\/www.globalexcr.com\/product\/audifonos-bluetooth\/"},"modified":"2025-04-26T20:55:10","modified_gmt":"2025-04-26T18:55:10","slug":"audifonos-bluetooth","status":"publish","type":"product","link":"https:\/\/www.globalexcr.com\/?product=audifonos-bluetooth","title":{"rendered":"Aud\u00edfonos Bluetooth"},"content":{"rendered":"<p>Aud\u00edfono Inal\u00e1m Tap\u00f3n Blanco BT<\/p>\n","protected":false},"excerpt":{"rendered":"<p>Aud\u00edfono Inal\u00e1m Tap\u00f3n Blanco BT<\/p>\n","protected":false},"featured_media":21019,"comment_status":"open","ping_status":"closed","template":"","meta":{"_monsterinsights_skip_tracking":false,"_monsterinsights_sitenote_active":false,"_monsterinsights_sitenote_note":"","_monsterinsights_sitenote_category":0},"product_cat":[87],"product_tag":[191],"class_list":{"0":"post-19959","1":"product","2":"type-product","3":"status-publish","4":"has-post-thumbnail","6":"product_cat-audifonos","7":"product_tag-maxell","10":"first","11":"instock","12":"shipping-taxable","13":"product-type-simple"},"yoast_head":"<!-- This site is optimized with the Yoast SEO plugin v27.3 - https:\/\/yoast.com\/product\/yoast-seo-wordpress\/ -->\n<title>Aud\u00edfonos Bluetooth -<\/title>\n<meta name=\"robots\" content=\"index, follow, max-snippet:-1, max-image-preview:large, max-video-preview:-1\" \/>\n<link rel=\"canonical\" href=\"https:\/\/www.globalexcr.com\/?product=audifonos-bluetooth\" \/>\n<meta property=\"og:locale\" content=\"es_ES\" \/>\n<meta property=\"og:type\" content=\"article\" \/>\n<meta property=\"og:title\" content=\"Aud\u00edfonos Bluetooth -\" \/>\n<meta property=\"og:description\" content=\"Aud\u00edfono Inal\u00e1m Tap\u00f3n Blanco BT\" \/>\n<meta property=\"og:url\" content=\"https:\/\/www.globalexcr.com\/?product=audifonos-bluetooth\" \/>\n<meta property=\"article:modified_time\" content=\"2025-04-26T18:55:10+00:00\" \/>\n<meta property=\"og:image\" content=\"https:\/\/www.globalexcr.com\/wp-content\/uploads\/2023\/11\/ebbt600.jpg\" \/>\n\t<meta property=\"og:image:width\" content=\"600\" \/>\n\t<meta property=\"og:image:height\" content=\"600\" \/>\n\t<meta property=\"og:image:type\" content=\"image\/jpeg\" \/>\n<meta name=\"twitter:card\" content=\"summary_large_image\" \/>\n<meta name=\"twitter:label1\" content=\"Tiempo de lectura\" \/>\n\t<meta name=\"twitter:data1\" content=\"1 minuto\" \/>\n<script type=\"application\/ld+json\" class=\"yoast-schema-graph\">{\"@context\":\"https:\\\/\\\/schema.org\",\"@graph\":[{\"@type\":\"WebPage\",\"@id\":\"https:\\\/\\\/www.globalexcr.com\\\/?product=audifonos-bluetooth\",\"url\":\"https:\\\/\\\/www.globalexcr.com\\\/?product=audifonos-bluetooth\",\"name\":\"Aud\u00edfonos Bluetooth -\",\"isPartOf\":{\"@id\":\"https:\\\/\\\/www.globalexcr.com\\\/#website\"},\"primaryImageOfPage\":{\"@id\":\"https:\\\/\\\/www.globalexcr.com\\\/?product=audifonos-bluetooth#primaryimage\"},\"image\":{\"@id\":\"https:\\\/\\\/www.globalexcr.com\\\/?product=audifonos-bluetooth#primaryimage\"},\"thumbnailUrl\":\"https:\\\/\\\/www.globalexcr.com\\\/wp-content\\\/uploads\\\/2023\\\/11\\\/ebbt600.jpg\",\"datePublished\":\"2023-11-16T22:49:19+00:00\",\"dateModified\":\"2025-04-26T18:55:10+00:00\",\"breadcrumb\":{\"@id\":\"https:\\\/\\\/www.globalexcr.com\\\/?product=audifonos-bluetooth#breadcrumb\"},\"inLanguage\":\"es\",\"potentialAction\":[{\"@type\":\"ReadAction\",\"target\":[\"https:\\\/\\\/www.globalexcr.com\\\/?product=audifonos-bluetooth\"]}]},{\"@type\":\"ImageObject\",\"inLanguage\":\"es\",\"@id\":\"https:\\\/\\\/www.globalexcr.com\\\/?product=audifonos-bluetooth#primaryimage\",\"url\":\"https:\\\/\\\/www.globalexcr.com\\\/wp-content\\\/uploads\\\/2023\\\/11\\\/ebbt600.jpg\",\"contentUrl\":\"https:\\\/\\\/www.globalexcr.com\\\/wp-content\\\/uploads\\\/2023\\\/11\\\/ebbt600.jpg\",\"width\":600,\"height\":600},{\"@type\":\"BreadcrumbList\",\"@id\":\"https:\\\/\\\/www.globalexcr.com\\\/?product=audifonos-bluetooth#breadcrumb\",\"itemListElement\":[{\"@type\":\"ListItem\",\"position\":1,\"name\":\"Inicio\",\"item\":\"https:\\\/\\\/www.globalexcr.com\\\/\"},{\"@type\":\"ListItem\",\"position\":2,\"name\":\"Tienda\",\"item\":\"https:\\\/\\\/www.globalexcr.com\\\/?page_id=11\"},{\"@type\":\"ListItem\",\"position\":3,\"name\":\"Aud\u00edfonos Bluetooth\"}]},{\"@type\":\"WebSite\",\"@id\":\"https:\\\/\\\/www.globalexcr.com\\\/#website\",\"url\":\"https:\\\/\\\/www.globalexcr.com\\\/\",\"name\":\"\",\"description\":\"\",\"potentialAction\":[{\"@type\":\"SearchAction\",\"target\":{\"@type\":\"EntryPoint\",\"urlTemplate\":\"https:\\\/\\\/www.globalexcr.com\\\/?s={search_term_string}\"},\"query-input\":{\"@type\":\"PropertyValueSpecification\",\"valueRequired\":true,\"valueName\":\"search_term_string\"}}],\"inLanguage\":\"es\"}]}<\/script>\n<!-- \/ Yoast SEO plugin. -->","yoast_head_json":{"title":"Aud\u00edfonos Bluetooth -","robots":{"index":"index","follow":"follow","max-snippet":"max-snippet:-1","max-image-preview":"max-image-preview:large","max-video-preview":"max-video-preview:-1"},"canonical":"https:\/\/www.globalexcr.com\/?product=audifonos-bluetooth","og_locale":"es_ES","og_type":"article","og_title":"Aud\u00edfonos Bluetooth -","og_description":"Aud\u00edfono Inal\u00e1m Tap\u00f3n Blanco BT","og_url":"https:\/\/www.globalexcr.com\/?product=audifonos-bluetooth","article_modified_time":"2025-04-26T18:55:10+00:00","og_image":[{"width":600,"height":600,"url":"https:\/\/www.globalexcr.com\/wp-content\/uploads\/2023\/11\/ebbt600.jpg","type":"image\/jpeg"}],"twitter_card":"summary_large_image","twitter_misc":{"Tiempo de lectura":"1 minuto"},"schema":{"@context":"https:\/\/schema.org","@graph":[{"@type":"WebPage","@id":"https:\/\/www.globalexcr.com\/?product=audifonos-bluetooth","url":"https:\/\/www.globalexcr.com\/?product=audifonos-bluetooth","name":"Aud\u00edfonos Bluetooth -","isPartOf":{"@id":"https:\/\/www.globalexcr.com\/#website"},"primaryImageOfPage":{"@id":"https:\/\/www.globalexcr.com\/?product=audifonos-bluetooth#primaryimage"},"image":{"@id":"https:\/\/www.globalexcr.com\/?product=audifonos-bluetooth#primaryimage"},"thumbnailUrl":"https:\/\/www.globalexcr.com\/wp-content\/uploads\/2023\/11\/ebbt600.jpg","datePublished":"2023-11-16T22:49:19+00:00","dateModified":"2025-04-26T18:55:10+00:00","breadcrumb":{"@id":"https:\/\/www.globalexcr.com\/?product=audifonos-bluetooth#breadcrumb"},"inLanguage":"es","potentialAction":[{"@type":"ReadAction","target":["https:\/\/www.globalexcr.com\/?product=audifonos-bluetooth"]}]},{"@type":"ImageObject","inLanguage":"es","@id":"https:\/\/www.globalexcr.com\/?product=audifonos-bluetooth#primaryimage","url":"https:\/\/www.globalexcr.com\/wp-content\/uploads\/2023\/11\/ebbt600.jpg","contentUrl":"https:\/\/www.globalexcr.com\/wp-content\/uploads\/2023\/11\/ebbt600.jpg","width":600,"height":600},{"@type":"BreadcrumbList","@id":"https:\/\/www.globalexcr.com\/?product=audifonos-bluetooth#breadcrumb","itemListElement":[{"@type":"ListItem","position":1,"name":"Inicio","item":"https:\/\/www.globalexcr.com\/"},{"@type":"ListItem","position":2,"name":"Tienda","item":"https:\/\/www.globalexcr.com\/?page_id=11"},{"@type":"ListItem","position":3,"name":"Aud\u00edfonos Bluetooth"}]},{"@type":"WebSite","@id":"https:\/\/www.globalexcr.com\/#website","url":"https:\/\/www.globalexcr.com\/","name":"","description":"","potentialAction":[{"@type":"SearchAction","target":{"@type":"EntryPoint","urlTemplate":"https:\/\/www.globalexcr.com\/?s={search_term_string}"},"query-input":{"@type":"PropertyValueSpecification","valueRequired":true,"valueName":"search_term_string"}}],"inLanguage":"es"}]}},"jetpack_sharing_enabled":true,"_links":{"self":[{"href":"https:\/\/www.globalexcr.com\/index.php?rest_route=\/wp\/v2\/product\/19959","targetHints":{"allow":["GET"]}}],"collection":[{"href":"https:\/\/www.globalexcr.com\/index.php?rest_route=\/wp\/v2\/product"}],"about":[{"href":"https:\/\/www.globalexcr.com\/index.php?rest_route=\/wp\/v2\/types\/product"}],"replies":[{"embeddable":true,"href":"https:\/\/www.globalexcr.com\/index.php?rest_route=%2Fwp%2Fv2%2Fcomments&post=19959"}],"wp:featuredmedia":[{"embeddable":true,"href":"https:\/\/www.globalexcr.com\/index.php?rest_route=\/wp\/v2\/media\/21019"}],"wp:attachment":[{"href":"https:\/\/www.globalexcr.com\/index.php?rest_route=%2Fwp%2Fv2%2Fmedia&parent=19959"}],"wp:term":[{"taxonomy":"product_cat","embeddable":true,"href":"https:\/\/www.globalexcr.com\/index.php?rest_route=%2Fwp%2Fv2%2Fproduct_cat&post=19959"},{"taxonomy":"product_tag","embeddable":true,"href":"https:\/\/www.globalexcr.com\/index.php?rest_route=%2Fwp%2Fv2%2Fproduct_tag&post=19959"}],"curies":[{"name":"wp","href":"https:\/\/api.w.org\/{rel}","templated":true}]}}